{"id":13,"date":"2022-02-12T09:19:39","date_gmt":"2022-02-12T09:19:39","guid":{"rendered":"https:\/\/enzovelo.at\/?page_id=13"},"modified":"2022-02-23T10:52:02","modified_gmt":"2022-02-23T10:52:02","slug":"home","status":"publish","type":"page","link":"https:\/\/enzovelo.at\/","title":{"rendered":"Home"},"content":{"rendered":"\n<figure class=\"wp-block-image size-full\"><img loading=\"lazy\" decoding=\"async\" width=\"1024\" height=\"683\" src=\"https:\/\/enzovelo.at\/wp-content\/uploads\/2022\/02\/1030663.jpg\" alt=\"\" class=\"wp-image-89\" srcset=\"https:\/\/enzovelo.at\/wp-content\/uploads\/2022\/02\/1030663.jpg 1024w, https:\/\/enzovelo.at\/wp-content\/uploads\/2022\/02\/1030663-300x200.jpg 300w, https:\/\/enzovelo.at\/wp-content\/uploads\/2022\/02\/1030663-768x512.jpg 768w\" sizes=\"auto, (max-width: 1024px) 100vw, 1024px\" \/><\/figure>\n\n\n\n<p>Bei Heinz Wipplinger dreht sich seit jeher alles ums Rad. Seit vielen Jahren betreibt er mit seinem kleinen, feinen Team das Radgesch\u00e4ft bei der Friedensbr\u00fccke.<br>Hier findet man Alltagsr\u00e4der f\u00fcr alle Bed\u00fcrfnisse und auch viele spezielle Nischenprodukte, wie Reiser\u00e4der, Faltr\u00e4der, Lieger\u00e4der, und auch Bambusr\u00e4der. Daneben entdeckt man alles wichtige Zubeh\u00f6r um den Alltag zu meistern, sowie Kinder- und Lastenanh\u00e4nger. <\/p>\n\n\n\n<p>Durch seinen technischen Perfektionismus hat er und sein Team schon viele Speziall\u00f6sungen f\u00fcr die jeweiligen pers\u00f6nlichen Anforderungen gefunden und unterst\u00fctzt damit seine Kunden, ein sorgenfreies Leben am Rad genie\u00dfen zu k\u00f6nnen.<\/p>\n","protected":false},"excerpt":{"rendered":"<p>Bei Heinz Wipplinger dreht sich seit jeher alles ums Rad. Seit vielen Jahren betreibt er mit seinem kleinen, feinen Team das Radgesch\u00e4ft bei der Friedensbr\u00fccke.Hier findet man Alltagsr\u00e4der f\u00fcr alle Bed\u00fcrfnisse und auch viele spezielle Nischenprodukte, wie Reiser\u00e4der, Faltr\u00e4der, Lieger\u00e4der,&hellip; <\/p>\n","protected":false},"author":1,"featured_media":0,"parent":0,"menu_order":0,"comment_status":"closed","ping_status":"closed","template":"","meta":{"footnotes":""},"class_list":["post-13","page","type-page","status-publish","hentry"],"_links":{"self":[{"href":"https:\/\/enzovelo.at\/index.php?rest_route=\/wp\/v2\/pages\/13","targetHints":{"allow":["GET"]}}],"collection":[{"href":"https:\/\/enzovelo.at\/index.php?rest_route=\/wp\/v2\/pages"}],"about":[{"href":"https:\/\/enzovelo.at\/index.php?rest_route=\/wp\/v2\/types\/page"}],"author":[{"embeddable":true,"href":"https:\/\/enzovelo.at\/index.php?rest_route=\/wp\/v2\/users\/1"}],"replies":[{"embeddable":true,"href":"https:\/\/enzovelo.at\/index.php?rest_route=%2Fwp%2Fv2%2Fcomments&post=13"}],"version-history":[{"count":9,"href":"https:\/\/enzovelo.at\/index.php?rest_route=\/wp\/v2\/pages\/13\/revisions"}],"predecessor-version":[{"id":192,"href":"https:\/\/enzovelo.at\/index.php?rest_route=\/wp\/v2\/pages\/13\/revisions\/192"}],"wp:attachment":[{"href":"https:\/\/enzovelo.at\/index.php?rest_route=%2Fwp%2Fv2%2Fmedia&parent=13"}],"curies":[{"name":"wp","href":"https:\/\/api.w.org\/{rel}","templated":true}]}}